{"id":8685,"date":"2025-03-16T17:02:26","date_gmt":"2025-03-16T17:02:26","guid":{"rendered":"https:\/\/xn--trdhndverk-25ac.no\/?post_type=product&#038;p=8685"},"modified":"2025-03-16T17:02:26","modified_gmt":"2025-03-16T17:02:26","slug":"prym-laersaler-til-tofler-gra-str-27-29","status":"publish","type":"product","link":"https:\/\/xn--trdhndverk-25ac.no\/index.php\/product\/prym-laersaler-til-tofler-gra-str-27-29\/","title":{"rendered":"Prym L\u00e6rs\u00e5ler til t\u00f8fler \u2013 Gr\u00e5 \u2013 Str 27 -29"},"content":{"rendered":"<p>Prym L\u00e6rs\u00e5ler til t\u00f8fler \u2013 Gr\u00e5 \u2013 Str 27 -29<\/p>\n","protected":false},"excerpt":{"rendered":"<p>975 303 \u2013 Prisgruppe: EE<br \/>\nVarenummer: 24975303<\/p>\n","protected":false},"featured_media":8686,"comment_status":"open","ping_status":"closed","template":"","meta":{"_bst_post_transparent":"default","_bst_post_title":"","_bst_post_layout":"default","_bst_post_sidebar_id":"","_bst_post_content_style":"default","_bst_post_vertical_padding":"default","_bst_post_feature":"","_bst_post_feature_position":"","_bst_post_header":false,"_bst_post_footer":false},"product_brand":[],"product_cat":[361,416],"product_tag":[865],"class_list":{"0":"post-8685","1":"product","2":"type-product","3":"status-publish","4":"has-post-thumbnail","6":"product_cat-dies","7":"product_cat-hobby","8":"product_tag-865","10":"first","11":"instock","12":"taxable","13":"shipping-taxable","14":"purchasable","15":"product-type-simple","16":"entry","17":"content-bg","18":"loop-entry"},"_links":{"self":[{"href":"https:\/\/xn--trdhndverk-25ac.no\/index.php\/wp-json\/wp\/v2\/product\/8685","targetHints":{"allow":["GET"]}}],"collection":[{"href":"https:\/\/xn--trdhndverk-25ac.no\/index.php\/wp-json\/wp\/v2\/product"}],"about":[{"href":"https:\/\/xn--trdhndverk-25ac.no\/index.php\/wp-json\/wp\/v2\/types\/product"}],"replies":[{"embeddable":true,"href":"https:\/\/xn--trdhndverk-25ac.no\/index.php\/wp-json\/wp\/v2\/comments?post=8685"}],"wp:featuredmedia":[{"embeddable":true,"href":"https:\/\/xn--trdhndverk-25ac.no\/index.php\/wp-json\/wp\/v2\/media\/8686"}],"wp:attachment":[{"href":"https:\/\/xn--trdhndverk-25ac.no\/index.php\/wp-json\/wp\/v2\/media?parent=8685"}],"wp:term":[{"taxonomy":"product_brand","embeddable":true,"href":"https:\/\/xn--trdhndverk-25ac.no\/index.php\/wp-json\/wp\/v2\/product_brand?post=8685"},{"taxonomy":"product_cat","embeddable":true,"href":"https:\/\/xn--trdhndverk-25ac.no\/index.php\/wp-json\/wp\/v2\/product_cat?post=8685"},{"taxonomy":"product_tag","embeddable":true,"href":"https:\/\/xn--trdhndverk-25ac.no\/index.php\/wp-json\/wp\/v2\/product_tag?post=8685"}],"curies":[{"name":"wp","href":"https:\/\/api.w.org\/{rel}","templated":true}]}}