{"id":10037,"date":"2025-07-23T03:07:32","date_gmt":"2025-07-23T03:07:32","guid":{"rendered":"https:\/\/xn--trdhndverk-25ac.no\/?post_type=product&#038;p=10037"},"modified":"2026-03-22T20:24:03","modified_gmt":"2026-03-22T20:24:03","slug":"marabu-fashion-spray-set-cool-denim","status":"publish","type":"product","link":"https:\/\/xn--trdhndverk-25ac.no\/index.php\/product\/marabu-fashion-spray-set-cool-denim\/","title":{"rendered":"Marabu Fashion Spray Set \u2013 COOL DENIM"},"content":{"rendered":"<p>3 x Fashion Spray 100 ml (Reseda 061, Sky-blue 141, Marine blue<br \/>\n258), 1 x Fashion Liner 25 ml (Shimmer-silver 581)<\/p>\n<p>.Tekstilfarge p\u00e5 pumpeflaske uten drivgass<br \/>\n.22 vannbaserte, luktfrie, lysekte og sterke farger<br \/>\n.Stoffet beholder samme mykhet<br \/>\n.For lyse tekstiler, maks 20% syntetisk<br \/>\n.T\u00e5ler maskinvask opptil 40\u00b0C etter fiksering<br \/>\nHa det g\u00f8y og med farger! Dekorer p\u00e5 kl\u00e6r, stoffsko og vesker eller<br \/>\nforny hjemmet ditt med egendekorerte duker, puter og gardiner! Finn<br \/>\ndin favorittsjablong og varier med mange farger eller spray flere<br \/>\nfarger sammen p\u00e5 frih\u00e5nd! Ypperlig \u00e5 kombinere med Fashion Liner og<br \/>\nsjablonger! Rene, sterke farger som ikke falmer. Milj\u00f8vennlig<br \/>\npumpeflaske uten drivgass. Stoffet forblir like mykt etter<br \/>\ndekorering, og t\u00e5ler maskinvask p\u00e5 40\u00b0C etter fiksering. Fiksering<br \/>\nkan gj\u00f8res i forvarmet ovn p\u00e5 150\u00b0C i 8 min., eller med strykejern<br \/>\ninnstilt p\u00e5 bomull i 3 min. med et t\u00f8ystykke i mellom. Nye plagg m\u00e5<br \/>\nvaskes f\u00f8r dekorering. Plaggene b\u00f8r vaskes og strykes p\u00e5 vrangen.<\/p>\n","protected":false},"excerpt":{"rendered":"<p>Marabu Fashion Spray Set \u2013 COOL DENIM colour trend set<br \/>\nSett med 3 x 100ml spray og liner<\/p>\n<p>Varenummer: 01058998<\/p>\n","protected":false},"featured_media":10038,"comment_status":"open","ping_status":"closed","template":"","meta":{"_bst_post_transparent":"default","_bst_post_title":"","_bst_post_layout":"default","_bst_post_sidebar_id":"","_bst_post_content_style":"default","_bst_post_vertical_padding":"default","_bst_post_feature":"","_bst_post_feature_position":"","_bst_post_header":false,"_bst_post_footer":false},"product_brand":[],"product_cat":[362,1475,415],"product_tag":[1486],"class_list":{"0":"post-10037","1":"product","2":"type-product","3":"status-publish","4":"has-post-thumbnail","6":"product_cat-maling","7":"product_cat-maling-add-new-category","8":"product_cat-tekstilfarge","9":"product_tag-varenummer-01058998","11":"first","12":"instock","13":"taxable","14":"shipping-taxable","15":"purchasable","16":"product-type-simple","17":"entry","18":"content-bg","19":"loop-entry"},"_links":{"self":[{"href":"https:\/\/xn--trdhndverk-25ac.no\/index.php\/wp-json\/wp\/v2\/product\/10037","targetHints":{"allow":["GET"]}}],"collection":[{"href":"https:\/\/xn--trdhndverk-25ac.no\/index.php\/wp-json\/wp\/v2\/product"}],"about":[{"href":"https:\/\/xn--trdhndverk-25ac.no\/index.php\/wp-json\/wp\/v2\/types\/product"}],"replies":[{"embeddable":true,"href":"https:\/\/xn--trdhndverk-25ac.no\/index.php\/wp-json\/wp\/v2\/comments?post=10037"}],"wp:featuredmedia":[{"embeddable":true,"href":"https:\/\/xn--trdhndverk-25ac.no\/index.php\/wp-json\/wp\/v2\/media\/10038"}],"wp:attachment":[{"href":"https:\/\/xn--trdhndverk-25ac.no\/index.php\/wp-json\/wp\/v2\/media?parent=10037"}],"wp:term":[{"taxonomy":"product_brand","embeddable":true,"href":"https:\/\/xn--trdhndverk-25ac.no\/index.php\/wp-json\/wp\/v2\/product_brand?post=10037"},{"taxonomy":"product_cat","embeddable":true,"href":"https:\/\/xn--trdhndverk-25ac.no\/index.php\/wp-json\/wp\/v2\/product_cat?post=10037"},{"taxonomy":"product_tag","embeddable":true,"href":"https:\/\/xn--trdhndverk-25ac.no\/index.php\/wp-json\/wp\/v2\/product_tag?post=10037"}],"curies":[{"name":"wp","href":"https:\/\/api.w.org\/{rel}","templated":true}]}}